{"id":1595,"date":"2023-12-06T21:51:20","date_gmt":"2023-12-06T21:51:20","guid":{"rendered":"https:\/\/prochannel.cl\/prochannel\/?page_id=1595"},"modified":"2023-12-06T22:01:18","modified_gmt":"2023-12-06T22:01:18","slug":"proyector-epson-laser-815e","status":"publish","type":"page","link":"https:\/\/prochannel.cl\/prochannel\/proyectores\/proyector-epson-laser-815e\/","title":{"rendered":"Proyector Epson L\u00e1ser 815E"},"content":{"rendered":"\t\t<div data-elementor-type=\"wp-page\" data-elementor-id=\"1595\" class=\"elementor elementor-1595\">\n\t\t\t\t\t\t<section class=\"elementor-section elementor-top-section elementor-element elementor-element-efe8032 elementor-section-boxed elementor-section-height-default elementor-section-height-default\" data-id=\"efe8032\" data-element_type=\"section\" data-e-type=\"section\">\n\t\t\t\t\t\t<div class=\"elementor-container elementor-column-gap-default\">\n\t\t\t\t\t<div class=\"elementor-column elementor-col-100 elementor-top-column elementor-element elementor-element-5a01ad6\" data-id=\"5a01ad6\" data-element_type=\"column\" data-e-type=\"column\">\n\t\t\t<div class=\"elementor-widget-wrap elementor-element-populated\">\n\t\t\t\t\t\t<div class=\"elementor-element elementor-element-eaf31ea elementor-widget elementor-widget-heading\" data-id=\"eaf31ea\" data-element_type=\"widget\" data-e-type=\"widget\" data-widget_type=\"heading.default\">\n\t\t\t\t<div class=\"elementor-widget-container\">\n\t\t\t\t\t<h2 class=\"elementor-heading-title elementor-size-default\">Proyector Epson L\u00e1ser 815E<\/h2>\t\t\t\t<\/div>\n\t\t\t\t<\/div>\n\t\t\t\t\t<\/div>\n\t\t<\/div>\n\t\t\t\t\t<\/div>\n\t\t<\/section>\n\t\t\t\t<section class=\"elementor-section elementor-top-section elementor-element elementor-element-8f9c216 elementor-section-boxed elementor-section-height-default elementor-section-height-default\" data-id=\"8f9c216\" data-element_type=\"section\" data-e-type=\"section\">\n\t\t\t\t\t\t<div class=\"elementor-container elementor-column-gap-default\">\n\t\t\t\t\t<div class=\"elementor-column elementor-col-50 elementor-top-column elementor-element elementor-element-4465ec2\" data-id=\"4465ec2\" data-element_type=\"column\" data-e-type=\"column\">\n\t\t\t<div class=\"elementor-widget-wrap elementor-element-populated\">\n\t\t\t\t\t\t<div class=\"elementor-element elementor-element-722e9da elementor-widget elementor-widget-text-editor\" data-id=\"722e9da\" data-element_type=\"widget\" data-e-type=\"widget\" data-widget_type=\"text-editor.default\">\n\t\t\t\t<div class=\"elementor-widget-container\">\n\t\t\t\t\t\t\t\t\t<p><strong>Las pantallas l\u00e1ser de Epson elevan la experiencia de visualizaci\u00f3n m\u00e1s all\u00e1 de los l\u00edmites de las pantallas planas.<\/strong><\/p>\t\t\t\t\t\t\t\t<\/div>\n\t\t\t\t<\/div>\n\t\t\t\t<div class=\"elementor-element elementor-element-3e03bc1 elementor-widget elementor-widget-text-editor\" data-id=\"3e03bc1\" data-element_type=\"widget\" data-e-type=\"widget\" data-widget_type=\"text-editor.default\">\n\t\t\t\t<div class=\"elementor-widget-container\">\n\t\t\t\t\t\t\t\t\t<p>El proyector l\u00e1ser PowerLite\u00ae 815E de tiro corto extremo sin l\u00e1mpara completamente negro con la innovadora tecnolog\u00eda de mejora 4K1 ofrece una soluci\u00f3n de visualizaci\u00f3n moderna y flexible para salas de reuniones corporativas y espacios de trabajo h\u00edbridos colaborativos, as\u00ed como una se\u00f1alizaci\u00f3n digital cautivadora. Con 5.000 l\u00famenes de color y brillo blanco2 y la innovadora tecnolog\u00eda 3LCD de 3 chips, proporciona una pantalla n\u00edtida, incre\u00edblemente brillante y pr\u00e1cticamente sin reflejos. El dise\u00f1o elegante y compacto del proyector ofrece im\u00e1genes inmersivas y de gran tama\u00f1o de hasta 160\u00bb, 4,5 veces m\u00e1s grande que una pantalla plana de 75\u00bb, a solo unos cent\u00edmetros de la pared para una visualizaci\u00f3n audaz, brillante y sin obstrucciones.<\/p><p>Adem\u00e1s de una pantalla est\u00e1ndar de 16:9, el PowerLite 815E va m\u00e1s all\u00e1 de los l\u00edmites de las pantallas planas ordinarias al admitir una pantalla ultra ancha de 21:9 y 16:6 para garantizar una experiencia equitativa en la sala de reuniones h\u00edbrida donde los participantes pueden ver y ser vistos f\u00e1cilmente. Disfrute de un sistema de enfriamiento de \u00faltima generaci\u00f3n de nuevo dise\u00f1o y una fuente de luz l\u00e1ser de hasta 30,000 horas que pr\u00e1cticamente no requiere mantenimiento3, lo que elimina la necesidad de comprar o reemplazar una l\u00e1mpara nuevamente.<\/p>\t\t\t\t\t\t\t\t<\/div>\n\t\t\t\t<\/div>\n\t\t\t\t\t<\/div>\n\t\t<\/div>\n\t\t\t\t<div class=\"elementor-column elementor-col-50 elementor-top-column elementor-element elementor-element-9284919\" data-id=\"9284919\" data-element_type=\"column\" data-e-type=\"column\">\n\t\t\t<div class=\"elementor-widget-wrap elementor-element-populated\">\n\t\t\t\t\t\t<div class=\"elementor-element elementor-element-29f6896 elementor-widget elementor-widget-image\" data-id=\"29f6896\" data-element_type=\"widget\" data-e-type=\"widget\" data-widget_type=\"image.default\">\n\t\t\t\t<div class=\"elementor-widget-container\">\n\t\t\t\t\t\t\t\t\t\t\t\t\t\t\t<img fetchpriority=\"high\" decoding=\"async\" width=\"369\" height=\"325\" src=\"https:\/\/prochannel.cl\/prochannel\/wp-content\/uploads\/2023\/12\/proyector-epson-laser-815e.png\" class=\"attachment-large size-large wp-image-1597\" alt=\"Proyector Epson L\u00e1ser\" srcset=\"https:\/\/prochannel.cl\/prochannel\/wp-content\/uploads\/2023\/12\/proyector-epson-laser-815e.png 369w, https:\/\/prochannel.cl\/prochannel\/wp-content\/uploads\/2023\/12\/proyector-epson-laser-815e-300x264.png 300w\" sizes=\"(max-width: 369px) 100vw, 369px\" \/>\t\t\t\t\t\t\t\t\t\t\t\t\t\t\t<\/div>\n\t\t\t\t<\/div>\n\t\t\t\t\t<\/div>\n\t\t<\/div>\n\t\t\t\t\t<\/div>\n\t\t<\/section>\n\t\t\t\t<section class=\"elementor-section elementor-top-section elementor-element elementor-element-4ef69f8 elementor-section-boxed elementor-section-height-default elementor-section-height-default\" data-id=\"4ef69f8\" data-element_type=\"section\" data-e-type=\"section\">\n\t\t\t\t\t\t<div class=\"elementor-container elementor-column-gap-default\">\n\t\t\t\t\t<div class=\"elementor-column elementor-col-100 elementor-top-column elementor-element elementor-element-d84d87d\" data-id=\"d84d87d\" data-element_type=\"column\" data-e-type=\"column\">\n\t\t\t<div class=\"elementor-widget-wrap elementor-element-populated\">\n\t\t\t\t\t\t<div class=\"elementor-element elementor-element-7004328 elementor-widget-divider--view-line elementor-widget elementor-widget-divider\" data-id=\"7004328\" data-element_type=\"widget\" data-e-type=\"widget\" data-widget_type=\"divider.default\">\n\t\t\t\t<div class=\"elementor-widget-container\">\n\t\t\t\t\t\t\t<div class=\"elementor-divider\">\n\t\t\t<span class=\"elementor-divider-separator\">\n\t\t\t\t\t\t<\/span>\n\t\t<\/div>\n\t\t\t\t\t\t<\/div>\n\t\t\t\t<\/div>\n\t\t\t\t\t<\/div>\n\t\t<\/div>\n\t\t\t\t\t<\/div>\n\t\t<\/section>\n\t\t\t\t<section class=\"elementor-section elementor-top-section elementor-element elementor-element-88af71c elementor-section-boxed elementor-section-height-default elementor-section-height-default\" data-id=\"88af71c\" data-element_type=\"section\" data-e-type=\"section\">\n\t\t\t\t\t\t<div class=\"elementor-container elementor-column-gap-default\">\n\t\t\t\t\t<div class=\"elementor-column elementor-col-50 elementor-top-column elementor-element elementor-element-f283261\" data-id=\"f283261\" data-element_type=\"column\" data-e-type=\"column\">\n\t\t\t<div class=\"elementor-widget-wrap elementor-element-populated\">\n\t\t\t\t\t\t<div class=\"elementor-element elementor-element-348a367 elementor-widget elementor-widget-image\" data-id=\"348a367\" data-element_type=\"widget\" data-e-type=\"widget\" data-widget_type=\"image.default\">\n\t\t\t\t<div class=\"elementor-widget-container\">\n\t\t\t\t\t\t\t\t\t\t\t\t\t\t\t<img decoding=\"async\" width=\"369\" height=\"325\" src=\"https:\/\/prochannel.cl\/prochannel\/wp-content\/uploads\/2023\/12\/proyector-epson-815e.png\" class=\"attachment-large size-large wp-image-1598\" alt=\"Proyector Epson L\u00e1ser\" srcset=\"https:\/\/prochannel.cl\/prochannel\/wp-content\/uploads\/2023\/12\/proyector-epson-815e.png 369w, https:\/\/prochannel.cl\/prochannel\/wp-content\/uploads\/2023\/12\/proyector-epson-815e-300x264.png 300w\" sizes=\"(max-width: 369px) 100vw, 369px\" \/>\t\t\t\t\t\t\t\t\t\t\t\t\t\t\t<\/div>\n\t\t\t\t<\/div>\n\t\t\t\t\t<\/div>\n\t\t<\/div>\n\t\t\t\t<div class=\"elementor-column elementor-col-50 elementor-top-column elementor-element elementor-element-c556fee\" data-id=\"c556fee\" data-element_type=\"column\" data-e-type=\"column\">\n\t\t\t<div class=\"elementor-widget-wrap elementor-element-populated\">\n\t\t\t\t\t\t<div class=\"elementor-element elementor-element-2158bc2 elementor-align-start elementor-icon-list--layout-traditional elementor-list-item-link-full_width elementor-widget elementor-widget-icon-list\" data-id=\"2158bc2\" data-element_type=\"widget\" data-e-type=\"widget\" data-widget_type=\"icon-list.default\">\n\t\t\t\t<div class=\"elementor-widget-container\">\n\t\t\t\t\t\t\t<ul class=\"elementor-icon-list-items\">\n\t\t\t\t\t\t\t<li class=\"elementor-icon-list-item\">\n\t\t\t\t\t\t\t\t\t\t\t<span class=\"elementor-icon-list-icon\">\n\t\t\t\t\t\t\t<i aria-hidden=\"true\" class=\"fas fa-circle\"><\/i>\t\t\t\t\t\t<\/span>\n\t\t\t\t\t\t\t\t\t\t<span class=\"elementor-icon-list-text\">Resoluci\u00f3n nativa: 1920 x 1080 x 2<\/span>\n\t\t\t\t\t\t\t\t\t<\/li>\n\t\t\t\t\t\t\t\t<li class=\"elementor-icon-list-item\">\n\t\t\t\t\t\t\t\t\t\t\t<span class=\"elementor-icon-list-icon\">\n\t\t\t\t\t\t\t<i aria-hidden=\"true\" class=\"fas fa-circle\"><\/i>\t\t\t\t\t\t<\/span>\n\t\t\t\t\t\t\t\t\t\t<span class=\"elementor-icon-list-text\">Potencia lum\u00ednica: 5000 ANSI l\u00famenes modo normal a 5000 l\u00famenes<\/span>\n\t\t\t\t\t\t\t\t\t<\/li>\n\t\t\t\t\t\t\t\t<li class=\"elementor-icon-list-item\">\n\t\t\t\t\t\t\t\t\t\t\t<span class=\"elementor-icon-list-icon\">\n\t\t\t\t\t\t\t<i aria-hidden=\"true\" class=\"fas fa-circle\"><\/i>\t\t\t\t\t\t<\/span>\n\t\t\t\t\t\t\t\t\t\t<span class=\"elementor-icon-list-text\">Contraste:  2.500.000:1<\/span>\n\t\t\t\t\t\t\t\t\t<\/li>\n\t\t\t\t\t\t\t\t<li class=\"elementor-icon-list-item\">\n\t\t\t\t\t\t\t\t\t\t\t<span class=\"elementor-icon-list-icon\">\n\t\t\t\t\t\t\t<i aria-hidden=\"true\" class=\"fas fa-circle\"><\/i>\t\t\t\t\t\t<\/span>\n\t\t\t\t\t\t\t\t\t\t<span class=\"elementor-icon-list-text\">Aspecto nativo:  16:9<\/span>\n\t\t\t\t\t\t\t\t\t<\/li>\n\t\t\t\t\t\t\t\t<li class=\"elementor-icon-list-item\">\n\t\t\t\t\t\t\t\t\t\t\t<span class=\"elementor-icon-list-icon\">\n\t\t\t\t\t\t\t<i aria-hidden=\"true\" class=\"fas fa-circle\"><\/i>\t\t\t\t\t\t<\/span>\n\t\t\t\t\t\t\t\t\t\t<span class=\"elementor-icon-list-text\">Vida \u00fatil l\u00e1mpara:  20.000 \/ 30.000 horas (Normal \/ Eco)<\/span>\n\t\t\t\t\t\t\t\t\t<\/li>\n\t\t\t\t\t\t\t\t<li class=\"elementor-icon-list-item\">\n\t\t\t\t\t\t\t\t\t\t\t<span class=\"elementor-icon-list-icon\">\n\t\t\t\t\t\t\t<i aria-hidden=\"true\" class=\"fas fa-circle\"><\/i>\t\t\t\t\t\t<\/span>\n\t\t\t\t\t\t\t\t\t\t<span class=\"elementor-icon-list-text\">Distancia proyecci\u00f3n: 80\" to 160\" (Zoom Wide: 10.9\" \u2013 22.7\") at 16:9<\/span>\n\t\t\t\t\t\t\t\t\t<\/li>\n\t\t\t\t\t\t\t\t<li class=\"elementor-icon-list-item\">\n\t\t\t\t\t\t\t\t\t\t\t<span class=\"elementor-icon-list-icon\">\n\t\t\t\t\t\t\t<i aria-hidden=\"true\" class=\"fas fa-circle\"><\/i>\t\t\t\t\t\t<\/span>\n\t\t\t\t\t\t\t\t\t\t<span class=\"elementor-icon-list-text\">Distancia proyecci\u00f3n: 66\" to 130\" (Zoom Wide: 10.9\" \u2013 22.7\") at 4:3<\/span>\n\t\t\t\t\t\t\t\t\t<\/li>\n\t\t\t\t\t\t\t\t<li class=\"elementor-icon-list-item\">\n\t\t\t\t\t\t\t\t\t\t\t<span class=\"elementor-icon-list-icon\">\n\t\t\t\t\t\t\t<i aria-hidden=\"true\" class=\"fas fa-circle\"><\/i>\t\t\t\t\t\t<\/span>\n\t\t\t\t\t\t\t\t\t\t<span class=\"elementor-icon-list-text\">Peso equipo:  12,6Kg.<\/span>\n\t\t\t\t\t\t\t\t\t<\/li>\n\t\t\t\t\t\t\t\t<li class=\"elementor-icon-list-item\">\n\t\t\t\t\t\t\t\t\t\t\t<span class=\"elementor-icon-list-icon\">\n\t\t\t\t\t\t\t<i aria-hidden=\"true\" class=\"fas fa-circle\"><\/i>\t\t\t\t\t\t<\/span>\n\t\t\t\t\t\t\t\t\t\t<span class=\"elementor-icon-list-text\">Dimensiones:  27.4\" x 13.5\" x 5.7\" (W x D x H)<\/span>\n\t\t\t\t\t\t\t\t\t<\/li>\n\t\t\t\t\t\t<\/ul>\n\t\t\t\t\t\t<\/div>\n\t\t\t\t<\/div>\n\t\t\t\t\t<\/div>\n\t\t<\/div>\n\t\t\t\t\t<\/div>\n\t\t<\/section>\n\t\t\t\t<section class=\"elementor-section elementor-top-section elementor-element elementor-element-35d79bf elementor-section-boxed elementor-section-height-default elementor-section-height-default\" data-id=\"35d79bf\" data-element_type=\"section\" data-e-type=\"section\">\n\t\t\t\t\t\t<div class=\"elementor-container elementor-column-gap-default\">\n\t\t\t\t\t<div class=\"elementor-column elementor-col-100 elementor-top-column elementor-element elementor-element-e21c836\" data-id=\"e21c836\" data-element_type=\"column\" data-e-type=\"column\">\n\t\t\t<div class=\"elementor-widget-wrap elementor-element-populated\">\n\t\t\t\t\t\t<div class=\"elementor-element elementor-element-2661a97 elementor-widget elementor-widget-video\" data-id=\"2661a97\" data-element_type=\"widget\" data-e-type=\"widget\" data-settings=\"{&quot;youtube_url&quot;:&quot;https:\\\/\\\/youtu.be\\\/Ym8-2KYE_3M&quot;,&quot;video_type&quot;:&quot;youtube&quot;,&quot;controls&quot;:&quot;yes&quot;}\" data-widget_type=\"video.default\">\n\t\t\t\t<div class=\"elementor-widget-container\">\n\t\t\t\t\t\t\t<div class=\"elementor-wrapper elementor-open-inline\">\n\t\t\t<div class=\"elementor-video\"><\/div>\t\t<\/div>\n\t\t\t\t\t\t<\/div>\n\t\t\t\t<\/div>\n\t\t\t\t<div class=\"elementor-element elementor-element-039ceaa elementor-widget-divider--view-line elementor-widget elementor-widget-divider\" data-id=\"039ceaa\" data-element_type=\"widget\" data-e-type=\"widget\" data-widget_type=\"divider.default\">\n\t\t\t\t<div class=\"elementor-widget-container\">\n\t\t\t\t\t\t\t<div class=\"elementor-divider\">\n\t\t\t<span class=\"elementor-divider-separator\">\n\t\t\t\t\t\t<\/span>\n\t\t<\/div>\n\t\t\t\t\t\t<\/div>\n\t\t\t\t<\/div>\n\t\t\t\t\t<\/div>\n\t\t<\/div>\n\t\t\t\t\t<\/div>\n\t\t<\/section>\n\t\t\t\t<\/div>\n\t\t","protected":false},"excerpt":{"rendered":"<p>Proyector Epson L\u00e1ser 815E Las pantallas l\u00e1ser de Epson elevan la experiencia de visualizaci\u00f3n m\u00e1s all\u00e1 de los l\u00edmites de las pantallas planas. El proyector l\u00e1ser PowerLite\u00ae 815E de tiro corto extremo sin l\u00e1mpara completamente negro con la innovadora tecnolog\u00eda de mejora 4K1 ofrece una soluci\u00f3n de visualizaci\u00f3n moderna y flexible para salas de reuniones &hellip;<\/p>\n<p class=\"read-more\"> <a class=\"\" href=\"https:\/\/prochannel.cl\/prochannel\/proyectores\/proyector-epson-laser-815e\/\"> <span class=\"screen-reader-text\">Proyector Epson L\u00e1ser 815E<\/span> Leer m\u00e1s &raquo;<\/a><\/p>\n","protected":false},"author":1,"featured_media":0,"parent":70,"menu_order":1,"comment_status":"closed","ping_status":"closed","template":"","meta":{"site-sidebar-layout":"no-sidebar","site-content-layout":"page-builder","ast-global-header-display":"","ast-main-header-display":"","ast-hfb-above-header-display":"","ast-hfb-below-header-display":"","ast-hfb-mobile-header-display":"","site-post-title":"disabled","ast-breadcrumbs-content":"","ast-featured-img":"disabled","footer-sml-layout":"","theme-transparent-header-meta":"","adv-header-id-meta":"","stick-header-meta":"","header-above-stick-meta":"","header-main-stick-meta":"","header-below-stick-meta":"","footnotes":""},"class_list":["post-1595","page","type-page","status-publish","hentry"],"_links":{"self":[{"href":"https:\/\/prochannel.cl\/prochannel\/wp-json\/wp\/v2\/pages\/1595","targetHints":{"allow":["GET"]}}],"collection":[{"href":"https:\/\/prochannel.cl\/prochannel\/wp-json\/wp\/v2\/pages"}],"about":[{"href":"https:\/\/prochannel.cl\/prochannel\/wp-json\/wp\/v2\/types\/page"}],"author":[{"embeddable":true,"href":"https:\/\/prochannel.cl\/prochannel\/wp-json\/wp\/v2\/users\/1"}],"replies":[{"embeddable":true,"href":"https:\/\/prochannel.cl\/prochannel\/wp-json\/wp\/v2\/comments?post=1595"}],"version-history":[{"count":7,"href":"https:\/\/prochannel.cl\/prochannel\/wp-json\/wp\/v2\/pages\/1595\/revisions"}],"predecessor-version":[{"id":1604,"href":"https:\/\/prochannel.cl\/prochannel\/wp-json\/wp\/v2\/pages\/1595\/revisions\/1604"}],"up":[{"embeddable":true,"href":"https:\/\/prochannel.cl\/prochannel\/wp-json\/wp\/v2\/pages\/70"}],"wp:attachment":[{"href":"https:\/\/prochannel.cl\/prochannel\/wp-json\/wp\/v2\/media?parent=1595"}],"curies":[{"name":"wp","href":"https:\/\/api.w.org\/{rel}","templated":true}]}}