{"id":958,"date":"2023-03-16T20:35:32","date_gmt":"2023-03-16T20:35:32","guid":{"rendered":"https:\/\/prochannel.cl\/prochannel\/?page_id=958"},"modified":"2023-03-16T21:01:46","modified_gmt":"2023-03-16T21:01:46","slug":"soporte-para-parlantes","status":"publish","type":"page","link":"https:\/\/prochannel.cl\/prochannel\/soportes-2\/soporte-para-parlantes\/","title":{"rendered":"Soporte para parlantes"},"content":{"rendered":"\t\t<div data-elementor-type=\"wp-page\" data-elementor-id=\"958\" class=\"elementor elementor-958\">\n\t\t\t\t\t\t<section class=\"elementor-section elementor-top-section elementor-element elementor-element-efe8032 elementor-section-boxed elementor-section-height-default elementor-section-height-default\" data-id=\"efe8032\" data-element_type=\"section\" data-e-type=\"section\">\n\t\t\t\t\t\t<div class=\"elementor-container elementor-column-gap-default\">\n\t\t\t\t\t<div class=\"elementor-column elementor-col-100 elementor-top-column elementor-element elementor-element-5a01ad6\" data-id=\"5a01ad6\" data-element_type=\"column\" data-e-type=\"column\">\n\t\t\t<div class=\"elementor-widget-wrap elementor-element-populated\">\n\t\t\t\t\t\t<div class=\"elementor-element elementor-element-eaf31ea elementor-widget elementor-widget-heading\" data-id=\"eaf31ea\" data-element_type=\"widget\" data-e-type=\"widget\" data-widget_type=\"heading.default\">\n\t\t\t\t<div class=\"elementor-widget-container\">\n\t\t\t\t\t<h2 class=\"elementor-heading-title elementor-size-default\">Soporte base para parlantes<\/h2>\t\t\t\t<\/div>\n\t\t\t\t<\/div>\n\t\t\t\t\t<\/div>\n\t\t<\/div>\n\t\t\t\t\t<\/div>\n\t\t<\/section>\n\t\t\t\t<section class=\"elementor-section elementor-top-section elementor-element elementor-element-8f9c216 elementor-section-boxed elementor-section-height-default elementor-section-height-default\" data-id=\"8f9c216\" data-element_type=\"section\" data-e-type=\"section\">\n\t\t\t\t\t\t<div class=\"elementor-container elementor-column-gap-default\">\n\t\t\t\t\t<div class=\"elementor-column elementor-col-50 elementor-top-column elementor-element elementor-element-4465ec2\" data-id=\"4465ec2\" data-element_type=\"column\" data-e-type=\"column\">\n\t\t\t<div class=\"elementor-widget-wrap elementor-element-populated\">\n\t\t\t\t\t\t<div class=\"elementor-element elementor-element-722e9da elementor-widget elementor-widget-text-editor\" data-id=\"722e9da\" data-element_type=\"widget\" data-e-type=\"widget\" data-widget_type=\"text-editor.default\">\n\t\t\t\t<div class=\"elementor-widget-container\">\n\t\t\t\t\t\t\t\t\t<p>Modelo contempor\u00e1neo<\/p>\t\t\t\t\t\t\t\t<\/div>\n\t\t\t\t<\/div>\n\t\t\t\t<div class=\"elementor-element elementor-element-3e03bc1 elementor-widget elementor-widget-text-editor\" data-id=\"3e03bc1\" data-element_type=\"widget\" data-e-type=\"widget\" data-widget_type=\"text-editor.default\">\n\t\t\t\t<div class=\"elementor-widget-container\">\n\t\t\t\t\t\t\t\t\t<p><span class=\"a-list-item\">Soportes de montaje doble universal construido para ser montado en cualquier pared para la m\u00e1xima compatibilidad. Ideal para cine en casa, oficina, sal\u00f3n, rec\u00e1mara, estudio, dormitorios, escuelas, eventos, casas, zonas p\u00fablicas, hoteles, vest\u00edbulos, etc. <\/span><span class=\"a-list-item\">M\u00faltiples ajustes le permiten crear perfecta calidad de sonido, sala de conciertos, desde la comodidad de tu casa, oficina, \u00e1reas p\u00fablicas, etc. <\/span><span class=\"a-list-item\">Construcci\u00f3n robusta: El dise\u00f1o moderno se complementa con un elegante reforzado negro para un aspecto contempor\u00e1neo. <\/span><\/p>\t\t\t\t\t\t\t\t<\/div>\n\t\t\t\t<\/div>\n\t\t\t\t\t<\/div>\n\t\t<\/div>\n\t\t\t\t<div class=\"elementor-column elementor-col-50 elementor-top-column elementor-element elementor-element-9284919\" data-id=\"9284919\" data-element_type=\"column\" data-e-type=\"column\">\n\t\t\t<div class=\"elementor-widget-wrap elementor-element-populated\">\n\t\t\t\t\t\t<div class=\"elementor-element elementor-element-29f6896 elementor-widget elementor-widget-image\" data-id=\"29f6896\" data-element_type=\"widget\" data-e-type=\"widget\" data-widget_type=\"image.default\">\n\t\t\t\t<div class=\"elementor-widget-container\">\n\t\t\t\t\t\t\t\t\t\t\t\t\t\t\t<img fetchpriority=\"high\" decoding=\"async\" width=\"319\" height=\"323\" src=\"https:\/\/prochannel.cl\/prochannel\/wp-content\/uploads\/2023\/03\/soporte-base-parlantes.png\" class=\"attachment-large size-large wp-image-966\" alt=\"Soporte base para parlantes\" srcset=\"https:\/\/prochannel.cl\/prochannel\/wp-content\/uploads\/2023\/03\/soporte-base-parlantes.png 319w, https:\/\/prochannel.cl\/prochannel\/wp-content\/uploads\/2023\/03\/soporte-base-parlantes-296x300.png 296w\" sizes=\"(max-width: 319px) 100vw, 319px\" \/>\t\t\t\t\t\t\t\t\t\t\t\t\t\t\t<\/div>\n\t\t\t\t<\/div>\n\t\t\t\t\t<\/div>\n\t\t<\/div>\n\t\t\t\t\t<\/div>\n\t\t<\/section>\n\t\t\t\t<section class=\"elementor-section elementor-top-section elementor-element elementor-element-4ef69f8 elementor-section-boxed elementor-section-height-default elementor-section-height-default\" data-id=\"4ef69f8\" data-element_type=\"section\" data-e-type=\"section\">\n\t\t\t\t\t\t<div class=\"elementor-container elementor-column-gap-default\">\n\t\t\t\t\t<div class=\"elementor-column elementor-col-100 elementor-top-column elementor-element elementor-element-d84d87d\" data-id=\"d84d87d\" data-element_type=\"column\" data-e-type=\"column\">\n\t\t\t<div class=\"elementor-widget-wrap elementor-element-populated\">\n\t\t\t\t\t\t<div class=\"elementor-element elementor-element-7004328 elementor-widget-divider--view-line elementor-widget elementor-widget-divider\" data-id=\"7004328\" data-element_type=\"widget\" data-e-type=\"widget\" data-widget_type=\"divider.default\">\n\t\t\t\t<div class=\"elementor-widget-container\">\n\t\t\t\t\t\t\t<div class=\"elementor-divider\">\n\t\t\t<span class=\"elementor-divider-separator\">\n\t\t\t\t\t\t<\/span>\n\t\t<\/div>\n\t\t\t\t\t\t<\/div>\n\t\t\t\t<\/div>\n\t\t\t\t\t<\/div>\n\t\t<\/div>\n\t\t\t\t\t<\/div>\n\t\t<\/section>\n\t\t\t\t<section class=\"elementor-section elementor-top-section elementor-element elementor-element-88af71c elementor-section-boxed elementor-section-height-default elementor-section-height-default\" data-id=\"88af71c\" data-element_type=\"section\" data-e-type=\"section\">\n\t\t\t\t\t\t<div class=\"elementor-container elementor-column-gap-default\">\n\t\t\t\t\t<div class=\"elementor-column elementor-col-50 elementor-top-column elementor-element elementor-element-f283261\" data-id=\"f283261\" data-element_type=\"column\" data-e-type=\"column\">\n\t\t\t<div class=\"elementor-widget-wrap elementor-element-populated\">\n\t\t\t\t\t\t<div class=\"elementor-element elementor-element-348a367 elementor-widget elementor-widget-image\" data-id=\"348a367\" data-element_type=\"widget\" data-e-type=\"widget\" data-widget_type=\"image.default\">\n\t\t\t\t<div class=\"elementor-widget-container\">\n\t\t\t\t\t\t\t\t\t\t\t\t\t\t\t<img decoding=\"async\" width=\"319\" height=\"323\" src=\"https:\/\/prochannel.cl\/prochannel\/wp-content\/uploads\/2023\/03\/soporte-parlante.png\" class=\"attachment-large size-large wp-image-961\" alt=\"\" srcset=\"https:\/\/prochannel.cl\/prochannel\/wp-content\/uploads\/2023\/03\/soporte-parlante.png 319w, https:\/\/prochannel.cl\/prochannel\/wp-content\/uploads\/2023\/03\/soporte-parlante-296x300.png 296w\" sizes=\"(max-width: 319px) 100vw, 319px\" \/>\t\t\t\t\t\t\t\t\t\t\t\t\t\t\t<\/div>\n\t\t\t\t<\/div>\n\t\t\t\t\t<\/div>\n\t\t<\/div>\n\t\t\t\t<div class=\"elementor-column elementor-col-50 elementor-top-column elementor-element elementor-element-c556fee\" data-id=\"c556fee\" data-element_type=\"column\" data-e-type=\"column\">\n\t\t\t<div class=\"elementor-widget-wrap elementor-element-populated\">\n\t\t\t\t\t\t<div class=\"elementor-element elementor-element-2158bc2 elementor-align-start elementor-icon-list--layout-traditional elementor-list-item-link-full_width elementor-widget elementor-widget-icon-list\" data-id=\"2158bc2\" data-element_type=\"widget\" data-e-type=\"widget\" data-widget_type=\"icon-list.default\">\n\t\t\t\t<div class=\"elementor-widget-container\">\n\t\t\t\t\t\t\t<ul class=\"elementor-icon-list-items\">\n\t\t\t\t\t\t\t<li class=\"elementor-icon-list-item\">\n\t\t\t\t\t\t\t\t\t\t\t<span class=\"elementor-icon-list-icon\">\n\t\t\t\t\t\t\t<i aria-hidden=\"true\" class=\"fas fa-circle\"><\/i>\t\t\t\t\t\t<\/span>\n\t\t\t\t\t\t\t\t\t\t<span class=\"elementor-icon-list-text\">Color: Blanco o Negro<\/span>\n\t\t\t\t\t\t\t\t\t<\/li>\n\t\t\t\t\t\t\t\t<li class=\"elementor-icon-list-item\">\n\t\t\t\t\t\t\t\t\t\t\t<span class=\"elementor-icon-list-icon\">\n\t\t\t\t\t\t\t<i aria-hidden=\"true\" class=\"fas fa-circle\"><\/i>\t\t\t\t\t\t<\/span>\n\t\t\t\t\t\t\t\t\t\t<span class=\"elementor-icon-list-text\">Fabricaci\u00f3n: Pl\u00e1stico r\u00edgido<\/span>\n\t\t\t\t\t\t\t\t\t<\/li>\n\t\t\t\t\t\t\t\t<li class=\"elementor-icon-list-item\">\n\t\t\t\t\t\t\t\t\t\t\t<span class=\"elementor-icon-list-icon\">\n\t\t\t\t\t\t\t<i aria-hidden=\"true\" class=\"fas fa-circle\"><\/i>\t\t\t\t\t\t<\/span>\n\t\t\t\t\t\t\t\t\t\t<span class=\"elementor-icon-list-text\">Resistencia hasta: 3,5Kg<\/span>\n\t\t\t\t\t\t\t\t\t<\/li>\n\t\t\t\t\t\t\t\t<li class=\"elementor-icon-list-item\">\n\t\t\t\t\t\t\t\t\t\t\t<span class=\"elementor-icon-list-icon\">\n\t\t\t\t\t\t\t<i aria-hidden=\"true\" class=\"fas fa-circle\"><\/i>\t\t\t\t\t\t<\/span>\n\t\t\t\t\t\t\t\t\t\t<span class=\"elementor-icon-list-text\">Rango de giro: 70 grados<\/span>\n\t\t\t\t\t\t\t\t\t<\/li>\n\t\t\t\t\t\t\t\t<li class=\"elementor-icon-list-item\">\n\t\t\t\t\t\t\t\t\t\t\t<span class=\"elementor-icon-list-icon\">\n\t\t\t\t\t\t\t<i aria-hidden=\"true\" class=\"fas fa-circle\"><\/i>\t\t\t\t\t\t<\/span>\n\t\t\t\t\t\t\t\t\t\t<span class=\"elementor-icon-list-text\">Grados de inclinaci\u00f3n: 20 grados<\/span>\n\t\t\t\t\t\t\t\t\t<\/li>\n\t\t\t\t\t\t\t\t<li class=\"elementor-icon-list-item\">\n\t\t\t\t\t\t\t\t\t\t\t<span class=\"elementor-icon-list-icon\">\n\t\t\t\t\t\t\t<i aria-hidden=\"true\" class=\"fas fa-check\"><\/i>\t\t\t\t\t\t<\/span>\n\t\t\t\t\t\t\t\t\t\t<span class=\"elementor-icon-list-text\">Tama\u00f1o: 6,4x5,9x2,8x5cm<\/span>\n\t\t\t\t\t\t\t\t\t<\/li>\n\t\t\t\t\t\t<\/ul>\n\t\t\t\t\t\t<\/div>\n\t\t\t\t<\/div>\n\t\t\t\t\t<\/div>\n\t\t<\/div>\n\t\t\t\t\t<\/div>\n\t\t<\/section>\n\t\t\t\t<\/div>\n\t\t","protected":false},"excerpt":{"rendered":"<p>Soporte base para parlantes Modelo contempor\u00e1neo Soportes de montaje doble universal construido para ser montado en cualquier pared para la m\u00e1xima compatibilidad. Ideal para cine en casa, oficina, sal\u00f3n, rec\u00e1mara, estudio, dormitorios, escuelas, eventos, casas, zonas p\u00fablicas, hoteles, vest\u00edbulos, etc. M\u00faltiples ajustes le permiten crear perfecta calidad de sonido, sala de conciertos, desde la comodidad &hellip;<\/p>\n<p class=\"read-more\"> <a class=\"\" href=\"https:\/\/prochannel.cl\/prochannel\/soportes-2\/soporte-para-parlantes\/\"> <span class=\"screen-reader-text\">Soporte para parlantes<\/span> Leer m\u00e1s &raquo;<\/a><\/p>\n","protected":false},"author":1,"featured_media":0,"parent":922,"menu_order":1,"comment_status":"closed","ping_status":"closed","template":"","meta":{"site-sidebar-layout":"no-sidebar","site-content-layout":"page-builder","ast-global-header-display":"","ast-main-header-display":"","ast-hfb-above-header-display":"","ast-hfb-below-header-display":"","ast-hfb-mobile-header-display":"","site-post-title":"disabled","ast-breadcrumbs-content":"","ast-featured-img":"disabled","footer-sml-layout":"","theme-transparent-header-meta":"","adv-header-id-meta":"","stick-header-meta":"","header-above-stick-meta":"","header-main-stick-meta":"","header-below-stick-meta":"","footnotes":""},"class_list":["post-958","page","type-page","status-publish","hentry"],"_links":{"self":[{"href":"https:\/\/prochannel.cl\/prochannel\/wp-json\/wp\/v2\/pages\/958","targetHints":{"allow":["GET"]}}],"collection":[{"href":"https:\/\/prochannel.cl\/prochannel\/wp-json\/wp\/v2\/pages"}],"about":[{"href":"https:\/\/prochannel.cl\/prochannel\/wp-json\/wp\/v2\/types\/page"}],"author":[{"embeddable":true,"href":"https:\/\/prochannel.cl\/prochannel\/wp-json\/wp\/v2\/users\/1"}],"replies":[{"embeddable":true,"href":"https:\/\/prochannel.cl\/prochannel\/wp-json\/wp\/v2\/comments?post=958"}],"version-history":[{"count":7,"href":"https:\/\/prochannel.cl\/prochannel\/wp-json\/wp\/v2\/pages\/958\/revisions"}],"predecessor-version":[{"id":969,"href":"https:\/\/prochannel.cl\/prochannel\/wp-json\/wp\/v2\/pages\/958\/revisions\/969"}],"up":[{"embeddable":true,"href":"https:\/\/prochannel.cl\/prochannel\/wp-json\/wp\/v2\/pages\/922"}],"wp:attachment":[{"href":"https:\/\/prochannel.cl\/prochannel\/wp-json\/wp\/v2\/media?parent=958"}],"curies":[{"name":"wp","href":"https:\/\/api.w.org\/{rel}","templated":true}]}}